{"id":40,"date":"2025-09-25T01:09:50","date_gmt":"2025-09-25T01:09:50","guid":{"rendered":"https:\/\/automobil.plucentar.com\/?page_id=40"},"modified":"2025-09-25T01:09:50","modified_gmt":"2025-09-25T01:09:50","slug":"nase-usluge-za-klijente","status":"publish","type":"page","link":"https:\/\/automobil.plucentar.com\/index.php\/nase-usluge-za-klijente\/","title":{"rendered":"Na\u0161e usluge za klijente"},"content":{"rendered":"\n<p>Kao klijent <strong>PLU Marketing \u2014 Automobil Connect<\/strong>, dobijate kompletan paket digitalnih usluga:<\/p>\n\n\n\n<ol class=\"wp-block-list\">\n<li><strong>Prezentacija vozila i usluga<\/strong> \u2014 profesionalne galerije, tehni\u010dki podaci i prilago\u0111ene ponude.<\/li>\n\n\n\n<li><strong>Marketing i promocija<\/strong> \u2014 vo\u0111enje dru\u0161tvenih mre\u017ea, ciljana reklama i video produkcija.<\/li>\n\n\n\n<li><strong>Renta car usluge<\/strong> \u2014 online prikaz i rezervacije vozila.<\/li>\n\n\n\n<li><strong>Auto servisi i odr\u017eavanje<\/strong> \u2014 direktna prezentacija i kontakt kupaca.<\/li>\n\n\n\n<li><strong>Vulkanizerske usluge<\/strong> \u2014 promocija sezonskih ponuda i usluga.<\/li>\n\n\n\n<li><strong>Auto dijelovi i oprema<\/strong> \u2014 prodaja i ogla\u0161avanje proizvoda.<\/li>\n<\/ol>\n\n\n\n<p><strong>PLU Marketing \u2014 Automobil Connect<\/strong> je va\u0161a digitalna platforma za rast poslovanja, povezivanje s kupcima i postizanje boljih rezultata.<\/p>\n","protected":false},"excerpt":{"rendered":"<p>Kao klijent PLU Marketing \u2014 Automobil Connect, dobijate kompletan paket digitalnih usluga: PLU Marketing \u2014 [&hellip;]<\/p>\n","protected":false},"author":1,"featured_media":0,"parent":0,"menu_order":0,"comment_status":"closed","ping_status":"closed","template":"","meta":{"footnotes":""},"class_list":["post-40","page","type-page","status-publish","hentry"],"yoast_head":"<!-- This site is optimized with the Yoast SEO plugin v26.0 - https:\/\/yoast.com\/wordpress\/plugins\/seo\/ -->\n<title>Na\u0161e usluge za klijente - Tvoj auto svijet<\/title>\n<meta name=\"robots\" content=\"index, follow, max-snippet:-1, max-image-preview:large, max-video-preview:-1\" \/>\n<link rel=\"canonical\" href=\"https:\/\/automobil.plucentar.com\/index.php\/nase-usluge-za-klijente\/\" \/>\n<meta property=\"og:locale\" content=\"en_US\" \/>\n<meta property=\"og:type\" content=\"article\" \/>\n<meta property=\"og:title\" content=\"Na\u0161e usluge za klijente - Tvoj auto svijet\" \/>\n<meta property=\"og:description\" content=\"Kao klijent PLU Marketing \u2014 Automobil Connect, dobijate kompletan paket digitalnih usluga: PLU Marketing \u2014 [&hellip;]\" \/>\n<meta property=\"og:url\" content=\"https:\/\/automobil.plucentar.com\/index.php\/nase-usluge-za-klijente\/\" \/>\n<meta property=\"og:site_name\" content=\"Tvoj auto svijet\" \/>\n<meta name=\"twitter:card\" content=\"summary_large_image\" \/>\n<script type=\"application\/ld+json\" class=\"yoast-schema-graph\">{\"@context\":\"https:\/\/schema.org\",\"@graph\":[{\"@type\":\"WebPage\",\"@id\":\"https:\/\/automobil.plucentar.com\/index.php\/nase-usluge-za-klijente\/\",\"url\":\"https:\/\/automobil.plucentar.com\/index.php\/nase-usluge-za-klijente\/\",\"name\":\"Na\u0161e usluge za klijente - Tvoj auto svijet\",\"isPartOf\":{\"@id\":\"https:\/\/automobil.plucentar.com\/#website\"},\"datePublished\":\"2025-09-25T01:09:50+00:00\",\"breadcrumb\":{\"@id\":\"https:\/\/automobil.plucentar.com\/index.php\/nase-usluge-za-klijente\/#breadcrumb\"},\"inLanguage\":\"en-US\",\"potentialAction\":[{\"@type\":\"ReadAction\",\"target\":[\"https:\/\/automobil.plucentar.com\/index.php\/nase-usluge-za-klijente\/\"]}]},{\"@type\":\"BreadcrumbList\",\"@id\":\"https:\/\/automobil.plucentar.com\/index.php\/nase-usluge-za-klijente\/#breadcrumb\",\"itemListElement\":[{\"@type\":\"ListItem\",\"position\":1,\"name\":\"Home\",\"item\":\"https:\/\/automobil.plucentar.com\/\"},{\"@type\":\"ListItem\",\"position\":2,\"name\":\"Na\u0161e usluge za klijente\"}]},{\"@type\":\"WebSite\",\"@id\":\"https:\/\/automobil.plucentar.com\/#website\",\"url\":\"https:\/\/automobil.plucentar.com\/\",\"name\":\"Tvoj auto svijet\",\"description\":\"Povezujemo prodava\u010de i kupce\",\"publisher\":{\"@id\":\"https:\/\/automobil.plucentar.com\/#organization\"},\"potentialAction\":[{\"@type\":\"SearchAction\",\"target\":{\"@type\":\"EntryPoint\",\"urlTemplate\":\"https:\/\/automobil.plucentar.com\/?s={search_term_string}\"},\"query-input\":{\"@type\":\"PropertyValueSpecification\",\"valueRequired\":true,\"valueName\":\"search_term_string\"}}],\"inLanguage\":\"en-US\"},{\"@type\":\"Organization\",\"@id\":\"https:\/\/automobil.plucentar.com\/#organization\",\"name\":\"PLU Marketing - automobil connect\",\"url\":\"https:\/\/automobil.plucentar.com\/\",\"logo\":{\"@type\":\"ImageObject\",\"inLanguage\":\"en-US\",\"@id\":\"https:\/\/automobil.plucentar.com\/#\/schema\/logo\/image\/\",\"url\":\"http:\/\/automobil.plucentar.com\/wp-content\/uploads\/2025\/09\/cropped-PLU__2_-removebg-preview-4.png\",\"contentUrl\":\"http:\/\/automobil.plucentar.com\/wp-content\/uploads\/2025\/09\/cropped-PLU__2_-removebg-preview-4.png\",\"width\":512,\"height\":512,\"caption\":\"PLU Marketing - automobil connect\"},\"image\":{\"@id\":\"https:\/\/automobil.plucentar.com\/#\/schema\/logo\/image\/\"}}]}<\/script>\n<!-- \/ Yoast SEO plugin. -->","yoast_head_json":{"title":"Na\u0161e usluge za klijente - Tvoj auto svijet","robots":{"index":"index","follow":"follow","max-snippet":"max-snippet:-1","max-image-preview":"max-image-preview:large","max-video-preview":"max-video-preview:-1"},"canonical":"https:\/\/automobil.plucentar.com\/index.php\/nase-usluge-za-klijente\/","og_locale":"en_US","og_type":"article","og_title":"Na\u0161e usluge za klijente - Tvoj auto svijet","og_description":"Kao klijent PLU Marketing \u2014 Automobil Connect, dobijate kompletan paket digitalnih usluga: PLU Marketing \u2014 [&hellip;]","og_url":"https:\/\/automobil.plucentar.com\/index.php\/nase-usluge-za-klijente\/","og_site_name":"Tvoj auto svijet","twitter_card":"summary_large_image","schema":{"@context":"https:\/\/schema.org","@graph":[{"@type":"WebPage","@id":"https:\/\/automobil.plucentar.com\/index.php\/nase-usluge-za-klijente\/","url":"https:\/\/automobil.plucentar.com\/index.php\/nase-usluge-za-klijente\/","name":"Na\u0161e usluge za klijente - Tvoj auto svijet","isPartOf":{"@id":"https:\/\/automobil.plucentar.com\/#website"},"datePublished":"2025-09-25T01:09:50+00:00","breadcrumb":{"@id":"https:\/\/automobil.plucentar.com\/index.php\/nase-usluge-za-klijente\/#breadcrumb"},"inLanguage":"en-US","potentialAction":[{"@type":"ReadAction","target":["https:\/\/automobil.plucentar.com\/index.php\/nase-usluge-za-klijente\/"]}]},{"@type":"BreadcrumbList","@id":"https:\/\/automobil.plucentar.com\/index.php\/nase-usluge-za-klijente\/#breadcrumb","itemListElement":[{"@type":"ListItem","position":1,"name":"Home","item":"https:\/\/automobil.plucentar.com\/"},{"@type":"ListItem","position":2,"name":"Na\u0161e usluge za klijente"}]},{"@type":"WebSite","@id":"https:\/\/automobil.plucentar.com\/#website","url":"https:\/\/automobil.plucentar.com\/","name":"Tvoj auto svijet","description":"Povezujemo prodava\u010de i kupce","publisher":{"@id":"https:\/\/automobil.plucentar.com\/#organization"},"potentialAction":[{"@type":"SearchAction","target":{"@type":"EntryPoint","urlTemplate":"https:\/\/automobil.plucentar.com\/?s={search_term_string}"},"query-input":{"@type":"PropertyValueSpecification","valueRequired":true,"valueName":"search_term_string"}}],"inLanguage":"en-US"},{"@type":"Organization","@id":"https:\/\/automobil.plucentar.com\/#organization","name":"PLU Marketing - automobil connect","url":"https:\/\/automobil.plucentar.com\/","logo":{"@type":"ImageObject","inLanguage":"en-US","@id":"https:\/\/automobil.plucentar.com\/#\/schema\/logo\/image\/","url":"http:\/\/automobil.plucentar.com\/wp-content\/uploads\/2025\/09\/cropped-PLU__2_-removebg-preview-4.png","contentUrl":"http:\/\/automobil.plucentar.com\/wp-content\/uploads\/2025\/09\/cropped-PLU__2_-removebg-preview-4.png","width":512,"height":512,"caption":"PLU Marketing - automobil connect"},"image":{"@id":"https:\/\/automobil.plucentar.com\/#\/schema\/logo\/image\/"}}]}},"_links":{"self":[{"href":"https:\/\/automobil.plucentar.com\/index.php\/wp-json\/wp\/v2\/pages\/40","targetHints":{"allow":["GET"]}}],"collection":[{"href":"https:\/\/automobil.plucentar.com\/index.php\/wp-json\/wp\/v2\/pages"}],"about":[{"href":"https:\/\/automobil.plucentar.com\/index.php\/wp-json\/wp\/v2\/types\/page"}],"author":[{"embeddable":true,"href":"https:\/\/automobil.plucentar.com\/index.php\/wp-json\/wp\/v2\/users\/1"}],"replies":[{"embeddable":true,"href":"https:\/\/automobil.plucentar.com\/index.php\/wp-json\/wp\/v2\/comments?post=40"}],"version-history":[{"count":1,"href":"https:\/\/automobil.plucentar.com\/index.php\/wp-json\/wp\/v2\/pages\/40\/revisions"}],"predecessor-version":[{"id":41,"href":"https:\/\/automobil.plucentar.com\/index.php\/wp-json\/wp\/v2\/pages\/40\/revisions\/41"}],"wp:attachment":[{"href":"https:\/\/automobil.plucentar.com\/index.php\/wp-json\/wp\/v2\/media?parent=40"}],"curies":[{"name":"wp","href":"https:\/\/api.w.org\/{rel}","templated":true}]}}