{"id":53,"date":"2025-09-25T01:36:22","date_gmt":"2025-09-25T01:36:22","guid":{"rendered":"https:\/\/automobil.plucentar.com\/?page_id=53"},"modified":"2025-09-25T01:36:22","modified_gmt":"2025-09-25T01:36:22","slug":"video-emisije","status":"publish","type":"page","link":"https:\/\/automobil.plucentar.com\/index.php\/video-emisije\/","title":{"rendered":"Video emisije"},"content":{"rendered":"\n<p>Video prostor koji objedinjuje sadr\u017eaje na\u0161ih partnera i promotivne materijale Automobil Connect platforme. <\/p>\n\n\n\n<p>Uklju\u010duje recenzije vozila, intervjue, reporta\u017ee, promotivne spotove i edukativne video materijale.<\/p>\n\n\n\n<p><em>&#8220;\u017delite svoju ponudu predstaviti video formatom? Na\u0161i kanali dose\u017eu \u0161iroku publiku.&#8221;<\/em><\/p>\n","protected":false},"excerpt":{"rendered":"<p>Video prostor koji objedinjuje sadr\u017eaje na\u0161ih partnera i promotivne materijale Automobil Connect platforme. Uklju\u010duje recenzije [&hellip;]<\/p>\n","protected":false},"author":1,"featured_media":0,"parent":0,"menu_order":0,"comment_status":"closed","ping_status":"closed","template":"","meta":{"footnotes":""},"class_list":["post-53","page","type-page","status-publish","hentry"],"yoast_head":"<!-- This site is optimized with the Yoast SEO plugin v26.0 - https:\/\/yoast.com\/wordpress\/plugins\/seo\/ -->\n<title>Video emisije - Tvoj auto svijet<\/title>\n<meta name=\"robots\" content=\"index, follow, max-snippet:-1, max-image-preview:large, max-video-preview:-1\" \/>\n<link rel=\"canonical\" href=\"https:\/\/automobil.plucentar.com\/index.php\/video-emisije\/\" \/>\n<meta property=\"og:locale\" content=\"en_US\" \/>\n<meta property=\"og:type\" content=\"article\" \/>\n<meta property=\"og:title\" content=\"Video emisije - Tvoj auto svijet\" \/>\n<meta property=\"og:description\" content=\"Video prostor koji objedinjuje sadr\u017eaje na\u0161ih partnera i promotivne materijale Automobil Connect platforme. Uklju\u010duje recenzije [&hellip;]\" \/>\n<meta property=\"og:url\" content=\"https:\/\/automobil.plucentar.com\/index.php\/video-emisije\/\" \/>\n<meta property=\"og:site_name\" content=\"Tvoj auto svijet\" \/>\n<meta name=\"twitter:card\" content=\"summary_large_image\" \/>\n<script type=\"application\/ld+json\" class=\"yoast-schema-graph\">{\"@context\":\"https:\/\/schema.org\",\"@graph\":[{\"@type\":\"WebPage\",\"@id\":\"https:\/\/automobil.plucentar.com\/index.php\/video-emisije\/\",\"url\":\"https:\/\/automobil.plucentar.com\/index.php\/video-emisije\/\",\"name\":\"Video emisije - Tvoj auto svijet\",\"isPartOf\":{\"@id\":\"https:\/\/automobil.plucentar.com\/#website\"},\"datePublished\":\"2025-09-25T01:36:22+00:00\",\"breadcrumb\":{\"@id\":\"https:\/\/automobil.plucentar.com\/index.php\/video-emisije\/#breadcrumb\"},\"inLanguage\":\"en-US\",\"potentialAction\":[{\"@type\":\"ReadAction\",\"target\":[\"https:\/\/automobil.plucentar.com\/index.php\/video-emisije\/\"]}]},{\"@type\":\"BreadcrumbList\",\"@id\":\"https:\/\/automobil.plucentar.com\/index.php\/video-emisije\/#breadcrumb\",\"itemListElement\":[{\"@type\":\"ListItem\",\"position\":1,\"name\":\"Home\",\"item\":\"https:\/\/automobil.plucentar.com\/\"},{\"@type\":\"ListItem\",\"position\":2,\"name\":\"Video emisije\"}]},{\"@type\":\"WebSite\",\"@id\":\"https:\/\/automobil.plucentar.com\/#website\",\"url\":\"https:\/\/automobil.plucentar.com\/\",\"name\":\"Tvoj auto svijet\",\"description\":\"Povezujemo prodava\u010de i kupce\",\"publisher\":{\"@id\":\"https:\/\/automobil.plucentar.com\/#organization\"},\"potentialAction\":[{\"@type\":\"SearchAction\",\"target\":{\"@type\":\"EntryPoint\",\"urlTemplate\":\"https:\/\/automobil.plucentar.com\/?s={search_term_string}\"},\"query-input\":{\"@type\":\"PropertyValueSpecification\",\"valueRequired\":true,\"valueName\":\"search_term_string\"}}],\"inLanguage\":\"en-US\"},{\"@type\":\"Organization\",\"@id\":\"https:\/\/automobil.plucentar.com\/#organization\",\"name\":\"PLU Marketing - automobil connect\",\"url\":\"https:\/\/automobil.plucentar.com\/\",\"logo\":{\"@type\":\"ImageObject\",\"inLanguage\":\"en-US\",\"@id\":\"https:\/\/automobil.plucentar.com\/#\/schema\/logo\/image\/\",\"url\":\"http:\/\/automobil.plucentar.com\/wp-content\/uploads\/2025\/09\/cropped-PLU__2_-removebg-preview-4.png\",\"contentUrl\":\"http:\/\/automobil.plucentar.com\/wp-content\/uploads\/2025\/09\/cropped-PLU__2_-removebg-preview-4.png\",\"width\":512,\"height\":512,\"caption\":\"PLU Marketing - automobil connect\"},\"image\":{\"@id\":\"https:\/\/automobil.plucentar.com\/#\/schema\/logo\/image\/\"}}]}<\/script>\n<!-- \/ Yoast SEO plugin. -->","yoast_head_json":{"title":"Video emisije - Tvoj auto svijet","robots":{"index":"index","follow":"follow","max-snippet":"max-snippet:-1","max-image-preview":"max-image-preview:large","max-video-preview":"max-video-preview:-1"},"canonical":"https:\/\/automobil.plucentar.com\/index.php\/video-emisije\/","og_locale":"en_US","og_type":"article","og_title":"Video emisije - Tvoj auto svijet","og_description":"Video prostor koji objedinjuje sadr\u017eaje na\u0161ih partnera i promotivne materijale Automobil Connect platforme. Uklju\u010duje recenzije [&hellip;]","og_url":"https:\/\/automobil.plucentar.com\/index.php\/video-emisije\/","og_site_name":"Tvoj auto svijet","twitter_card":"summary_large_image","schema":{"@context":"https:\/\/schema.org","@graph":[{"@type":"WebPage","@id":"https:\/\/automobil.plucentar.com\/index.php\/video-emisije\/","url":"https:\/\/automobil.plucentar.com\/index.php\/video-emisije\/","name":"Video emisije - Tvoj auto svijet","isPartOf":{"@id":"https:\/\/automobil.plucentar.com\/#website"},"datePublished":"2025-09-25T01:36:22+00:00","breadcrumb":{"@id":"https:\/\/automobil.plucentar.com\/index.php\/video-emisije\/#breadcrumb"},"inLanguage":"en-US","potentialAction":[{"@type":"ReadAction","target":["https:\/\/automobil.plucentar.com\/index.php\/video-emisije\/"]}]},{"@type":"BreadcrumbList","@id":"https:\/\/automobil.plucentar.com\/index.php\/video-emisije\/#breadcrumb","itemListElement":[{"@type":"ListItem","position":1,"name":"Home","item":"https:\/\/automobil.plucentar.com\/"},{"@type":"ListItem","position":2,"name":"Video emisije"}]},{"@type":"WebSite","@id":"https:\/\/automobil.plucentar.com\/#website","url":"https:\/\/automobil.plucentar.com\/","name":"Tvoj auto svijet","description":"Povezujemo prodava\u010de i kupce","publisher":{"@id":"https:\/\/automobil.plucentar.com\/#organization"},"potentialAction":[{"@type":"SearchAction","target":{"@type":"EntryPoint","urlTemplate":"https:\/\/automobil.plucentar.com\/?s={search_term_string}"},"query-input":{"@type":"PropertyValueSpecification","valueRequired":true,"valueName":"search_term_string"}}],"inLanguage":"en-US"},{"@type":"Organization","@id":"https:\/\/automobil.plucentar.com\/#organization","name":"PLU Marketing - automobil connect","url":"https:\/\/automobil.plucentar.com\/","logo":{"@type":"ImageObject","inLanguage":"en-US","@id":"https:\/\/automobil.plucentar.com\/#\/schema\/logo\/image\/","url":"http:\/\/automobil.plucentar.com\/wp-content\/uploads\/2025\/09\/cropped-PLU__2_-removebg-preview-4.png","contentUrl":"http:\/\/automobil.plucentar.com\/wp-content\/uploads\/2025\/09\/cropped-PLU__2_-removebg-preview-4.png","width":512,"height":512,"caption":"PLU Marketing - automobil connect"},"image":{"@id":"https:\/\/automobil.plucentar.com\/#\/schema\/logo\/image\/"}}]}},"_links":{"self":[{"href":"https:\/\/automobil.plucentar.com\/index.php\/wp-json\/wp\/v2\/pages\/53","targetHints":{"allow":["GET"]}}],"collection":[{"href":"https:\/\/automobil.plucentar.com\/index.php\/wp-json\/wp\/v2\/pages"}],"about":[{"href":"https:\/\/automobil.plucentar.com\/index.php\/wp-json\/wp\/v2\/types\/page"}],"author":[{"embeddable":true,"href":"https:\/\/automobil.plucentar.com\/index.php\/wp-json\/wp\/v2\/users\/1"}],"replies":[{"embeddable":true,"href":"https:\/\/automobil.plucentar.com\/index.php\/wp-json\/wp\/v2\/comments?post=53"}],"version-history":[{"count":1,"href":"https:\/\/automobil.plucentar.com\/index.php\/wp-json\/wp\/v2\/pages\/53\/revisions"}],"predecessor-version":[{"id":54,"href":"https:\/\/automobil.plucentar.com\/index.php\/wp-json\/wp\/v2\/pages\/53\/revisions\/54"}],"wp:attachment":[{"href":"https:\/\/automobil.plucentar.com\/index.php\/wp-json\/wp\/v2\/media?parent=53"}],"curies":[{"name":"wp","href":"https:\/\/api.w.org\/{rel}","templated":true}]}}