{"id":74,"date":"2025-09-25T21:08:19","date_gmt":"2025-09-25T21:08:19","guid":{"rendered":"https:\/\/automobil.plucentar.com\/?page_id=74"},"modified":"2025-09-25T21:08:19","modified_gmt":"2025-09-25T21:08:19","slug":"automobil-connectplatforma-za-profesionalnu-prezentaciju-vozila-i-usluga","status":"publish","type":"page","link":"https:\/\/automobil.plucentar.com\/index.php\/automobil-connectplatforma-za-profesionalnu-prezentaciju-vozila-i-usluga\/","title":{"rendered":"O NAMA"},"content":{"rendered":"\n<p>Mi smo <strong>PLU MARKETING<\/strong>, agencija za digitalni marketing koja ima za cilj olak\u0161ati poslovanje vlasnicima auto ku\u0107a, placeva i firmi iz auto industrije. Projekat kojeg vidite ispred sebe u obliku platforme <strong>Automobil Connect<\/strong> nastala je kao rezultat vi\u0161egodi\u0161njeg iskustva u online marketingu \u017eele\u0107i olak\u0161ati vlasnicima biznisa iz auto industrije da prika\u017eu svoje usluge i proizvode.<\/p>\n\n\n\n<p>Bilo da nemate svoje kanale, nemate znanja o online marketingu ili \u017eelite dodatno unaprijediti svoju promociju \u2014 mi smo tu za vas.<\/p>\n\n\n\n<p>Kroz na\u0161u platformu <strong>Automobil Connect<\/strong> pru\u017eamo kompletno digitalno rje\u0161enje: profesionalnu prezentaciju vozila i usluga, vo\u0111enje dru\u0161tvenih mre\u017ea, video produkciju, ciljane reklamne kampanje i SEO optimizaciju. <\/p>\n\n\n\n<p>Na taj na\u010din va\u0161e poslovanje postaje vidljivo pravoj publici, u pravo vrijeme.<\/p>\n\n\n\n<p>Na\u0161a misija je u\u010diniti marketing jednostavnim, pristupa\u010dnim i efektivnim. <\/p>\n\n\n\n<p>Platforma <strong>Automobil Connect<\/strong> je nastala iz \u017eelje da komplikovane tehni\u010dke stvari iz informacionih tehnologija, marketin\u0161kih alata kao i strategija u\u010dinimo dostupnim za prezentiranje va\u0161ih firmi. Dovoljno je da nam se javite i da zaka\u017eete termin kako bismo vam u\u010dinili savremeni marketing dostupnim. Mi za vas sve odra\u0111ujemo \u0161to se ti\u010de marketinga, a vi dobijate na kraju mjeseca potrebnu analitiku o u\u010dinkovitnosti kampanja. Na taj na\u010din, na\u0161i klijenti se mogu fokusirati na ostale segmente svoga poslovanja \u0161to im u kona\u010dnici donosi puno bolje rezultate.<\/p>\n\n\n\n<p>S na\u0161im iskustvom, znanjem i opremom, PLU MARKETING je va\u0161 partner za rast, prepoznatljivost i bolje rezultate u digitalnom svijetu.<\/p>\n","protected":false},"excerpt":{"rendered":"<p>Mi smo PLU MARKETING, agencija za digitalni marketing koja ima za cilj olak\u0161ati poslovanje vlasnicima [&hellip;]<\/p>\n","protected":false},"author":1,"featured_media":33,"parent":0,"menu_order":0,"comment_status":"closed","ping_status":"closed","template":"","meta":{"footnotes":""},"class_list":["post-74","page","type-page","status-publish","has-post-thumbnail","hentry"],"yoast_head":"<!-- This site is optimized with the Yoast SEO plugin v26.0 - https:\/\/yoast.com\/wordpress\/plugins\/seo\/ -->\n<title>O NAMA - Tvoj auto svijet<\/title>\n<meta name=\"description\" content=\"Automobil Connect nastala je kao rezultat vi\u0161egodi\u0161njeg iskustva u online marketingu \u017eele\u0107i olak\u0161ati vlasnicima biznisa iz auto industrije da prika\u017eu svoje usluge i proizvode\" \/>\n<meta name=\"robots\" content=\"index, follow, max-snippet:-1, max-image-preview:large, max-video-preview:-1\" \/>\n<link rel=\"canonical\" href=\"https:\/\/automobil.plucentar.com\/index.php\/automobil-connectplatforma-za-profesionalnu-prezentaciju-vozila-i-usluga\/\" \/>\n<meta property=\"og:locale\" content=\"en_US\" \/>\n<meta property=\"og:type\" content=\"article\" \/>\n<meta property=\"og:title\" content=\"O NAMA - Tvoj auto svijet\" \/>\n<meta property=\"og:description\" content=\"Automobil Connect nastala je kao rezultat vi\u0161egodi\u0161njeg iskustva u online marketingu \u017eele\u0107i olak\u0161ati vlasnicima biznisa iz auto industrije da prika\u017eu svoje usluge i proizvode\" \/>\n<meta property=\"og:url\" content=\"https:\/\/automobil.plucentar.com\/index.php\/automobil-connectplatforma-za-profesionalnu-prezentaciju-vozila-i-usluga\/\" \/>\n<meta property=\"og:site_name\" content=\"Tvoj auto svijet\" \/>\n<meta property=\"og:image\" content=\"https:\/\/automobil.plucentar.com\/wp-content\/uploads\/2025\/09\/cropped-PLU__2_-removebg-preview-4.png\" \/>\n\t<meta property=\"og:image:width\" content=\"512\" \/>\n\t<meta property=\"og:image:height\" content=\"512\" \/>\n\t<meta property=\"og:image:type\" content=\"image\/png\" \/>\n<meta name=\"twitter:card\" content=\"summary_large_image\" \/>\n<meta name=\"twitter:label1\" content=\"Est. reading time\" \/>\n\t<meta name=\"twitter:data1\" content=\"2 minutes\" \/>\n<script type=\"application\/ld+json\" class=\"yoast-schema-graph\">{\"@context\":\"https:\/\/schema.org\",\"@graph\":[{\"@type\":\"WebPage\",\"@id\":\"https:\/\/automobil.plucentar.com\/index.php\/automobil-connectplatforma-za-profesionalnu-prezentaciju-vozila-i-usluga\/\",\"url\":\"https:\/\/automobil.plucentar.com\/index.php\/automobil-connectplatforma-za-profesionalnu-prezentaciju-vozila-i-usluga\/\",\"name\":\"O NAMA - Tvoj auto svijet\",\"isPartOf\":{\"@id\":\"https:\/\/automobil.plucentar.com\/#website\"},\"primaryImageOfPage\":{\"@id\":\"https:\/\/automobil.plucentar.com\/index.php\/automobil-connectplatforma-za-profesionalnu-prezentaciju-vozila-i-usluga\/#primaryimage\"},\"image\":{\"@id\":\"https:\/\/automobil.plucentar.com\/index.php\/automobil-connectplatforma-za-profesionalnu-prezentaciju-vozila-i-usluga\/#primaryimage\"},\"thumbnailUrl\":\"https:\/\/automobil.plucentar.com\/wp-content\/uploads\/2025\/09\/cropped-PLU__2_-removebg-preview-4.png\",\"datePublished\":\"2025-09-25T21:08:19+00:00\",\"description\":\"Automobil Connect nastala je kao rezultat vi\u0161egodi\u0161njeg iskustva u online marketingu \u017eele\u0107i olak\u0161ati vlasnicima biznisa iz auto industrije da prika\u017eu svoje usluge i proizvode\",\"breadcrumb\":{\"@id\":\"https:\/\/automobil.plucentar.com\/index.php\/automobil-connectplatforma-za-profesionalnu-prezentaciju-vozila-i-usluga\/#breadcrumb\"},\"inLanguage\":\"en-US\",\"potentialAction\":[{\"@type\":\"ReadAction\",\"target\":[\"https:\/\/automobil.plucentar.com\/index.php\/automobil-connectplatforma-za-profesionalnu-prezentaciju-vozila-i-usluga\/\"]}]},{\"@type\":\"ImageObject\",\"inLanguage\":\"en-US\",\"@id\":\"https:\/\/automobil.plucentar.com\/index.php\/automobil-connectplatforma-za-profesionalnu-prezentaciju-vozila-i-usluga\/#primaryimage\",\"url\":\"https:\/\/automobil.plucentar.com\/wp-content\/uploads\/2025\/09\/cropped-PLU__2_-removebg-preview-4.png\",\"contentUrl\":\"https:\/\/automobil.plucentar.com\/wp-content\/uploads\/2025\/09\/cropped-PLU__2_-removebg-preview-4.png\",\"width\":512,\"height\":512,\"caption\":\"PLU MARKETING automobil connect\"},{\"@type\":\"BreadcrumbList\",\"@id\":\"https:\/\/automobil.plucentar.com\/index.php\/automobil-connectplatforma-za-profesionalnu-prezentaciju-vozila-i-usluga\/#breadcrumb\",\"itemListElement\":[{\"@type\":\"ListItem\",\"position\":1,\"name\":\"Home\",\"item\":\"https:\/\/automobil.plucentar.com\/\"},{\"@type\":\"ListItem\",\"position\":2,\"name\":\"O NAMA\"}]},{\"@type\":\"WebSite\",\"@id\":\"https:\/\/automobil.plucentar.com\/#website\",\"url\":\"https:\/\/automobil.plucentar.com\/\",\"name\":\"Tvoj auto svijet\",\"description\":\"Povezujemo prodava\u010de i kupce\",\"publisher\":{\"@id\":\"https:\/\/automobil.plucentar.com\/#organization\"},\"potentialAction\":[{\"@type\":\"SearchAction\",\"target\":{\"@type\":\"EntryPoint\",\"urlTemplate\":\"https:\/\/automobil.plucentar.com\/?s={search_term_string}\"},\"query-input\":{\"@type\":\"PropertyValueSpecification\",\"valueRequired\":true,\"valueName\":\"search_term_string\"}}],\"inLanguage\":\"en-US\"},{\"@type\":\"Organization\",\"@id\":\"https:\/\/automobil.plucentar.com\/#organization\",\"name\":\"PLU Marketing - automobil connect\",\"url\":\"https:\/\/automobil.plucentar.com\/\",\"logo\":{\"@type\":\"ImageObject\",\"inLanguage\":\"en-US\",\"@id\":\"https:\/\/automobil.plucentar.com\/#\/schema\/logo\/image\/\",\"url\":\"http:\/\/automobil.plucentar.com\/wp-content\/uploads\/2025\/09\/cropped-PLU__2_-removebg-preview-4.png\",\"contentUrl\":\"http:\/\/automobil.plucentar.com\/wp-content\/uploads\/2025\/09\/cropped-PLU__2_-removebg-preview-4.png\",\"width\":512,\"height\":512,\"caption\":\"PLU Marketing - automobil connect\"},\"image\":{\"@id\":\"https:\/\/automobil.plucentar.com\/#\/schema\/logo\/image\/\"}}]}<\/script>\n<!-- \/ Yoast SEO plugin. -->","yoast_head_json":{"title":"O NAMA - Tvoj auto svijet","description":"Automobil Connect nastala je kao rezultat vi\u0161egodi\u0161njeg iskustva u online marketingu \u017eele\u0107i olak\u0161ati vlasnicima biznisa iz auto industrije da prika\u017eu svoje usluge i proizvode","robots":{"index":"index","follow":"follow","max-snippet":"max-snippet:-1","max-image-preview":"max-image-preview:large","max-video-preview":"max-video-preview:-1"},"canonical":"https:\/\/automobil.plucentar.com\/index.php\/automobil-connectplatforma-za-profesionalnu-prezentaciju-vozila-i-usluga\/","og_locale":"en_US","og_type":"article","og_title":"O NAMA - Tvoj auto svijet","og_description":"Automobil Connect nastala je kao rezultat vi\u0161egodi\u0161njeg iskustva u online marketingu \u017eele\u0107i olak\u0161ati vlasnicima biznisa iz auto industrije da prika\u017eu svoje usluge i proizvode","og_url":"https:\/\/automobil.plucentar.com\/index.php\/automobil-connectplatforma-za-profesionalnu-prezentaciju-vozila-i-usluga\/","og_site_name":"Tvoj auto svijet","og_image":[{"width":512,"height":512,"url":"https:\/\/automobil.plucentar.com\/wp-content\/uploads\/2025\/09\/cropped-PLU__2_-removebg-preview-4.png","type":"image\/png"}],"twitter_card":"summary_large_image","twitter_misc":{"Est. reading time":"2 minutes"},"schema":{"@context":"https:\/\/schema.org","@graph":[{"@type":"WebPage","@id":"https:\/\/automobil.plucentar.com\/index.php\/automobil-connectplatforma-za-profesionalnu-prezentaciju-vozila-i-usluga\/","url":"https:\/\/automobil.plucentar.com\/index.php\/automobil-connectplatforma-za-profesionalnu-prezentaciju-vozila-i-usluga\/","name":"O NAMA - Tvoj auto svijet","isPartOf":{"@id":"https:\/\/automobil.plucentar.com\/#website"},"primaryImageOfPage":{"@id":"https:\/\/automobil.plucentar.com\/index.php\/automobil-connectplatforma-za-profesionalnu-prezentaciju-vozila-i-usluga\/#primaryimage"},"image":{"@id":"https:\/\/automobil.plucentar.com\/index.php\/automobil-connectplatforma-za-profesionalnu-prezentaciju-vozila-i-usluga\/#primaryimage"},"thumbnailUrl":"https:\/\/automobil.plucentar.com\/wp-content\/uploads\/2025\/09\/cropped-PLU__2_-removebg-preview-4.png","datePublished":"2025-09-25T21:08:19+00:00","description":"Automobil Connect nastala je kao rezultat vi\u0161egodi\u0161njeg iskustva u online marketingu \u017eele\u0107i olak\u0161ati vlasnicima biznisa iz auto industrije da prika\u017eu svoje usluge i proizvode","breadcrumb":{"@id":"https:\/\/automobil.plucentar.com\/index.php\/automobil-connectplatforma-za-profesionalnu-prezentaciju-vozila-i-usluga\/#breadcrumb"},"inLanguage":"en-US","potentialAction":[{"@type":"ReadAction","target":["https:\/\/automobil.plucentar.com\/index.php\/automobil-connectplatforma-za-profesionalnu-prezentaciju-vozila-i-usluga\/"]}]},{"@type":"ImageObject","inLanguage":"en-US","@id":"https:\/\/automobil.plucentar.com\/index.php\/automobil-connectplatforma-za-profesionalnu-prezentaciju-vozila-i-usluga\/#primaryimage","url":"https:\/\/automobil.plucentar.com\/wp-content\/uploads\/2025\/09\/cropped-PLU__2_-removebg-preview-4.png","contentUrl":"https:\/\/automobil.plucentar.com\/wp-content\/uploads\/2025\/09\/cropped-PLU__2_-removebg-preview-4.png","width":512,"height":512,"caption":"PLU MARKETING automobil connect"},{"@type":"BreadcrumbList","@id":"https:\/\/automobil.plucentar.com\/index.php\/automobil-connectplatforma-za-profesionalnu-prezentaciju-vozila-i-usluga\/#breadcrumb","itemListElement":[{"@type":"ListItem","position":1,"name":"Home","item":"https:\/\/automobil.plucentar.com\/"},{"@type":"ListItem","position":2,"name":"O NAMA"}]},{"@type":"WebSite","@id":"https:\/\/automobil.plucentar.com\/#website","url":"https:\/\/automobil.plucentar.com\/","name":"Tvoj auto svijet","description":"Povezujemo prodava\u010de i kupce","publisher":{"@id":"https:\/\/automobil.plucentar.com\/#organization"},"potentialAction":[{"@type":"SearchAction","target":{"@type":"EntryPoint","urlTemplate":"https:\/\/automobil.plucentar.com\/?s={search_term_string}"},"query-input":{"@type":"PropertyValueSpecification","valueRequired":true,"valueName":"search_term_string"}}],"inLanguage":"en-US"},{"@type":"Organization","@id":"https:\/\/automobil.plucentar.com\/#organization","name":"PLU Marketing - automobil connect","url":"https:\/\/automobil.plucentar.com\/","logo":{"@type":"ImageObject","inLanguage":"en-US","@id":"https:\/\/automobil.plucentar.com\/#\/schema\/logo\/image\/","url":"http:\/\/automobil.plucentar.com\/wp-content\/uploads\/2025\/09\/cropped-PLU__2_-removebg-preview-4.png","contentUrl":"http:\/\/automobil.plucentar.com\/wp-content\/uploads\/2025\/09\/cropped-PLU__2_-removebg-preview-4.png","width":512,"height":512,"caption":"PLU Marketing - automobil connect"},"image":{"@id":"https:\/\/automobil.plucentar.com\/#\/schema\/logo\/image\/"}}]}},"_links":{"self":[{"href":"https:\/\/automobil.plucentar.com\/index.php\/wp-json\/wp\/v2\/pages\/74","targetHints":{"allow":["GET"]}}],"collection":[{"href":"https:\/\/automobil.plucentar.com\/index.php\/wp-json\/wp\/v2\/pages"}],"about":[{"href":"https:\/\/automobil.plucentar.com\/index.php\/wp-json\/wp\/v2\/types\/page"}],"author":[{"embeddable":true,"href":"https:\/\/automobil.plucentar.com\/index.php\/wp-json\/wp\/v2\/users\/1"}],"replies":[{"embeddable":true,"href":"https:\/\/automobil.plucentar.com\/index.php\/wp-json\/wp\/v2\/comments?post=74"}],"version-history":[{"count":1,"href":"https:\/\/automobil.plucentar.com\/index.php\/wp-json\/wp\/v2\/pages\/74\/revisions"}],"predecessor-version":[{"id":75,"href":"https:\/\/automobil.plucentar.com\/index.php\/wp-json\/wp\/v2\/pages\/74\/revisions\/75"}],"wp:featuredmedia":[{"embeddable":true,"href":"https:\/\/automobil.plucentar.com\/index.php\/wp-json\/wp\/v2\/media\/33"}],"wp:attachment":[{"href":"https:\/\/automobil.plucentar.com\/index.php\/wp-json\/wp\/v2\/media?parent=74"}],"curies":[{"name":"wp","href":"https:\/\/api.w.org\/{rel}","templated":true}]}}